{"id":125,"date":"2021-03-11T19:53:09","date_gmt":"2021-03-11T19:53:09","guid":{"rendered":"https:\/\/iso.webbreda.se\/?page_id=125"},"modified":"2022-02-22T14:39:19","modified_gmt":"2022-02-22T14:39:19","slug":"tjanster","status":"publish","type":"page","link":"https:\/\/iso.webbreda.se\/?page_id=125","title":{"rendered":"Tj\u00e4nster"},"content":{"rendered":"<!-- wp:themify-builder\/canvas \/--><!--themify_builder_static--><h1>Tj\u00e4nster<br\/>Helhetssyn ger effektivitet och kvalitet<\/h1>\n<p>Vi \u00e4r er samarbetspartner n\u00e4r det g\u00e4ller arbete med kvalitet, milj\u00f6 och arbetsmilj\u00f6. Med dokumenterad metodik genomf\u00f6rs effektivitetsf\u00f6rb\u00e4ttringar i din verksamhet och era processer. Vi utg\u00e5r ifr\u00e5n en helhetssyn p\u00e5 strategi och f\u00f6rb\u00e4ttringsarbete. Genom att anv\u00e4nda dig av v\u00e5ra f\u00e4rdiga l\u00f6sningar f\u00f6renklar och effektiviserar vi ditt arbete. Du kommer snabbt ig\u00e5ng och kan snart fokusera mer p\u00e5 att driva din verksamhet \u00e4n att fastna i fel arbetsuppgifter.<\/p> <p>L\u00e4s mer om olika tj\u00e4nster jag erbjuder eller kontakta mig direkt p\u00e5 <a href=\"mailto:viveca@isokonsult.se\" target=\"_blank\" rel=\"noopener noreferrer\">viveca@isokonsult.se<\/a> f\u00f6r att h\u00f6ra vad jag kan g\u00f6ra f\u00f6r dig och din verksamhet.<\/p>\n<img decoding=\"async\" loading=\"lazy\" src=\"https:\/\/iso.webbreda.se\/wp-content\/uploads\/2021\/03\/christopher-gower-vjMgqUkS8q8-unsplash-1024x683-800x533.jpg\" width=\"800\" height=\"533\" title=\"christopher-gower-vjMgqUkS8q8-unsplash\" alt=\"christopher-gower-vjMgqUkS8q8-unsplash\" srcset=\"https:\/\/iso.webbreda.se\/wp-content\/uploads\/2021\/03\/christopher-gower-vjMgqUkS8q8-unsplash-1024x683-800x533.jpg 800w, https:\/\/iso.webbreda.se\/wp-content\/uploads\/2021\/03\/christopher-gower-vjMgqUkS8q8-unsplash-300x200.jpg 300w, https:\/\/iso.webbreda.se\/wp-content\/uploads\/2021\/03\/christopher-gower-vjMgqUkS8q8-unsplash-1024x683.jpg 1024w, https:\/\/iso.webbreda.se\/wp-content\/uploads\/2021\/03\/christopher-gower-vjMgqUkS8q8-unsplash-768x512.jpg 768w, https:\/\/iso.webbreda.se\/wp-content\/uploads\/2021\/03\/christopher-gower-vjMgqUkS8q8-unsplash-1536x1024.jpg 1536w, https:\/\/iso.webbreda.se\/wp-content\/uploads\/2021\/03\/christopher-gower-vjMgqUkS8q8-unsplash-2048x1365.jpg 2048w\" sizes=\"auto, (max-width: 800px) 100vw, 800px\" \/>\n<h3>Ledningssystem<\/h3>\n\n<p>Enkelt och effektivt ledningssystem som verkligen fungerar i praktiken<\/p>\n<p>Jag hj\u00e4lper er&#8230;&#8230;&#8230;&#8230;&#8230;..\u00a0<\/p>\n<a href=\"https:\/\/iso.webbreda.se\/?page_id=112\" > L\u00e4s mer <\/a>\n<h3>H\u00e5llbarhetsredovisning<\/h3>\n\n<p>Det \u00e4r en utmaning att utarbeta en h\u00e5llbarhetsrapport som \u00e4r b\u00e5de grundlig och anv\u00e4ndbar.<\/p>\n<p>Tillsammans mer er att utarbetar vi en h\u00e5llbarhetsrapport som beskriver hur ni arbetar med h\u00e5llbar utveckling vilket innefattar social, ekonomisk och milj\u00f6m\u00e4ssig h\u00e5llbarhet.\u00a0 Rapporten kommer att inneh\u00e5lla detaljerade rekommendationer f\u00f6r framtida f\u00f6rb\u00e4ttringar &#8230;&#8230;..<\/p>\n<a href=\"#\" > L\u00e4s mer <\/a>\n<h3>Kvalitets\u00e4kring<\/h3>\n\n<p>Myndigheter, kommuner, kunder och massmedia st\u00e4ller allt st\u00f6rre krav p\u00e5 f\u00f6retags redovisning av kvalitet-, milj\u00f6- och arbetsmilj\u00f6arbetet.<\/p>\n<p>Jag hj\u00e4lper f\u00f6rst\u00e5 och tolka &#8230;&#8230;<\/p>\n<a href=\"#\" > L\u00e4s mer <\/a>\n<h2>Hos mig f\u00e5r ni allt ni beh\u00f6ver under samma tak!<\/h2>\n<section>\n<p>Jag tr\u00e4ffar dig g\u00e4rna och ser \u00f6ver dina behov och svarar p\u00e5 fr\u00e5gor. Kontakta oss redan idag \u2013 du kan fr\u00e5ga oss om allt och vi st\u00f6ttar dig hela v\u00e4gen fram till ett toppeffektivt system.<\/p>\nViveca Ring ISO konsult\n<\/section> <section>\n<p><a href=\"mailto:viveca@isokonsult.se\" target=\"_blank\" rel=\"noopener noreferrer\">viveca@isokonsult.se<\/a><br \/>070-736 10 89<br \/>Box 2125<br \/>135 02 Tyres\u00f6<\/p>\n<\/section>\n<h3>ISO konsult med inriktning p\u00e5 milj\u00f6, arbetsmilj\u00f6 och verksamhetsutveckling.<\/h3><!--\/themify_builder_static-->","protected":false},"excerpt":{"rendered":"<p>Tj\u00e4nsterHelhetssyn ger effektivitet och kvalitet Vi \u00e4r er samarbetspartner n\u00e4r det g\u00e4ller arbete med kvalitet, milj\u00f6 och arbetsmilj\u00f6. Med dokumenterad metodik genomf\u00f6rs effektivitetsf\u00f6rb\u00e4ttringar i din verksamhet och era processer. Vi utg\u00e5r ifr\u00e5n en helhetssyn p\u00e5 strategi och f\u00f6rb\u00e4ttringsarbete. Genom att anv\u00e4nda dig av v\u00e5ra f\u00e4rdiga l\u00f6sningar f\u00f6renklar och effektiviserar vi ditt arbete. Du kommer snabbt [&hellip;]<\/p>\n","protected":false},"author":1,"featured_media":0,"parent":0,"menu_order":0,"comment_status":"closed","ping_status":"closed","template":"","meta":{"footnotes":""},"class_list":["post-125","page","type-page","status-publish","hentry","has-post-title","has-post-date","has-post-category","has-post-tag","has-post-comment","has-post-author",""],"builder_content":"<h1>Tj\u00e4nster<br\/>Helhetssyn ger effektivitet och kvalitet<\/h1>\n<p>Vi \u00e4r er samarbetspartner n\u00e4r det g\u00e4ller arbete med kvalitet, milj\u00f6 och arbetsmilj\u00f6. Med dokumenterad metodik genomf\u00f6rs effektivitetsf\u00f6rb\u00e4ttringar i din verksamhet och era processer. Vi utg\u00e5r ifr\u00e5n en helhetssyn p\u00e5 strategi och f\u00f6rb\u00e4ttringsarbete. Genom att anv\u00e4nda dig av v\u00e5ra f\u00e4rdiga l\u00f6sningar f\u00f6renklar och effektiviserar vi ditt arbete. Du kommer snabbt ig\u00e5ng och kan snart fokusera mer p\u00e5 att driva din verksamhet \u00e4n att fastna i fel arbetsuppgifter.<\/p> <p>L\u00e4s mer om olika tj\u00e4nster jag erbjuder eller kontakta mig direkt p\u00e5 <a href=\"mailto:viveca@isokonsult.se\" target=\"_blank\" rel=\"noopener noreferrer\">viveca@isokonsult.se<\/a> f\u00f6r att h\u00f6ra vad jag kan g\u00f6ra f\u00f6r dig och din verksamhet.<\/p>\n<img src=\"https:\/\/iso.webbreda.se\/wp-content\/uploads\/2021\/03\/christopher-gower-vjMgqUkS8q8-unsplash-1024x683-800x533.jpg\" width=\"800\" height=\"533\" title=\"christopher-gower-vjMgqUkS8q8-unsplash\" alt=\"christopher-gower-vjMgqUkS8q8-unsplash\" srcset=\"https:\/\/iso.webbreda.se\/wp-content\/uploads\/2021\/03\/christopher-gower-vjMgqUkS8q8-unsplash-1024x683-800x533.jpg 800w, https:\/\/iso.webbreda.se\/wp-content\/uploads\/2021\/03\/christopher-gower-vjMgqUkS8q8-unsplash-300x200.jpg 300w, https:\/\/iso.webbreda.se\/wp-content\/uploads\/2021\/03\/christopher-gower-vjMgqUkS8q8-unsplash-1024x683.jpg 1024w, https:\/\/iso.webbreda.se\/wp-content\/uploads\/2021\/03\/christopher-gower-vjMgqUkS8q8-unsplash-768x512.jpg 768w, https:\/\/iso.webbreda.se\/wp-content\/uploads\/2021\/03\/christopher-gower-vjMgqUkS8q8-unsplash-1536x1024.jpg 1536w, https:\/\/iso.webbreda.se\/wp-content\/uploads\/2021\/03\/christopher-gower-vjMgqUkS8q8-unsplash-2048x1365.jpg 2048w\" sizes=\"(max-width: 800px) 100vw, 800px\" \/>\n<h3>Ledningssystem<\/h3>\n\n<p>Enkelt och effektivt ledningssystem som verkligen fungerar i praktiken<\/p>\n<p>Jag hj\u00e4lper er.................\u00a0<\/p>\n<a href=\"https:\/\/iso.webbreda.se\/?page_id=112\" > L\u00e4s mer <\/a>\n<h3>H\u00e5llbarhetsredovisning<\/h3>\n\n<p>Det \u00e4r en utmaning att utarbeta en h\u00e5llbarhetsrapport som \u00e4r b\u00e5de grundlig och anv\u00e4ndbar.<\/p>\n<p>Tillsammans mer er att utarbetar vi en h\u00e5llbarhetsrapport som beskriver hur ni arbetar med h\u00e5llbar utveckling vilket innefattar social, ekonomisk och milj\u00f6m\u00e4ssig h\u00e5llbarhet.\u00a0 Rapporten kommer att inneh\u00e5lla detaljerade rekommendationer f\u00f6r framtida f\u00f6rb\u00e4ttringar ........<\/p>\n<a href=\"#\" > L\u00e4s mer <\/a>\n<h3>Kvalitets\u00e4kring<\/h3>\n\n<p>Myndigheter, kommuner, kunder och massmedia st\u00e4ller allt st\u00f6rre krav p\u00e5 f\u00f6retags redovisning av kvalitet-, milj\u00f6- och arbetsmilj\u00f6arbetet.<\/p>\n<p>Jag hj\u00e4lper f\u00f6rst\u00e5 och tolka ......<\/p>\n<a href=\"#\" > L\u00e4s mer <\/a>\n<h2>Hos mig f\u00e5r ni allt ni beh\u00f6ver under samma tak!<\/h2>\n<section>\n<p>Jag tr\u00e4ffar dig g\u00e4rna och ser \u00f6ver dina behov och svarar p\u00e5 fr\u00e5gor. Kontakta oss redan idag \u2013 du kan fr\u00e5ga oss om allt och vi st\u00f6ttar dig hela v\u00e4gen fram till ett toppeffektivt system.<\/p>\nViveca Ring ISO konsult\n<\/section> <section>\n<p><a href=\"mailto:viveca@isokonsult.se\" target=\"_blank\" rel=\"noopener noreferrer\">viveca@isokonsult.se<\/a><br \/>070-736 10 89<br \/>Box 2125<br \/>135 02 Tyres\u00f6<\/p>\n<\/section>\n<h3>ISO konsult med inriktning p\u00e5 milj\u00f6, arbetsmilj\u00f6 och verksamhetsutveckling.<\/h3>","_links":{"self":[{"href":"https:\/\/iso.webbreda.se\/index.php?rest_route=\/wp\/v2\/pages\/125","targetHints":{"allow":["GET"]}}],"collection":[{"href":"https:\/\/iso.webbreda.se\/index.php?rest_route=\/wp\/v2\/pages"}],"about":[{"href":"https:\/\/iso.webbreda.se\/index.php?rest_route=\/wp\/v2\/types\/page"}],"author":[{"embeddable":true,"href":"https:\/\/iso.webbreda.se\/index.php?rest_route=\/wp\/v2\/users\/1"}],"replies":[{"embeddable":true,"href":"https:\/\/iso.webbreda.se\/index.php?rest_route=%2Fwp%2Fv2%2Fcomments&post=125"}],"version-history":[{"count":15,"href":"https:\/\/iso.webbreda.se\/index.php?rest_route=\/wp\/v2\/pages\/125\/revisions"}],"predecessor-version":[{"id":186,"href":"https:\/\/iso.webbreda.se\/index.php?rest_route=\/wp\/v2\/pages\/125\/revisions\/186"}],"wp:attachment":[{"href":"https:\/\/iso.webbreda.se\/index.php?rest_route=%2Fwp%2Fv2%2Fmedia&parent=125"}],"curies":[{"name":"wp","href":"https:\/\/api.w.org\/{rel}","templated":true}]}}