{"id":112,"date":"2021-03-11T19:16:05","date_gmt":"2021-03-11T19:16:05","guid":{"rendered":"https:\/\/iso.webbreda.se\/?page_id=112"},"modified":"2021-03-11T21:31:08","modified_gmt":"2021-03-11T21:31:08","slug":"integrerat-ledningssystem","status":"publish","type":"page","link":"https:\/\/iso.webbreda.se\/?page_id=112","title":{"rendered":"Integrerat ledningssystem"},"content":{"rendered":"<!-- wp:themify-builder\/canvas \/--><!--themify_builder_static--><h1>Integrerat ledningssystem<br\/>Enkelt och effektivt ledningssystem som verkligen fungerar i praktiken<\/h1>\n<img decoding=\"async\" loading=\"lazy\" src=\"https:\/\/iso.webbreda.se\/wp-content\/uploads\/2021\/03\/christopher-gower-vjMgqUkS8q8-unsplash-1024x683-800x533.jpg\" width=\"800\" height=\"533\" title=\"christopher-gower-vjMgqUkS8q8-unsplash\" alt=\"christopher-gower-vjMgqUkS8q8-unsplash\" srcset=\"https:\/\/iso.webbreda.se\/wp-content\/uploads\/2021\/03\/christopher-gower-vjMgqUkS8q8-unsplash-1024x683-800x533.jpg 800w, https:\/\/iso.webbreda.se\/wp-content\/uploads\/2021\/03\/christopher-gower-vjMgqUkS8q8-unsplash-300x200.jpg 300w, https:\/\/iso.webbreda.se\/wp-content\/uploads\/2021\/03\/christopher-gower-vjMgqUkS8q8-unsplash-1024x683.jpg 1024w, https:\/\/iso.webbreda.se\/wp-content\/uploads\/2021\/03\/christopher-gower-vjMgqUkS8q8-unsplash-768x512.jpg 768w, https:\/\/iso.webbreda.se\/wp-content\/uploads\/2021\/03\/christopher-gower-vjMgqUkS8q8-unsplash-1536x1024.jpg 1536w, https:\/\/iso.webbreda.se\/wp-content\/uploads\/2021\/03\/christopher-gower-vjMgqUkS8q8-unsplash-2048x1365.jpg 2048w\" sizes=\"auto, (max-width: 800px) 100vw, 800px\" \/>\n\n<h2 style=\"text-align: left;\">Ett webbaserat, effektivt och anv\u00e4ndarv\u00e4nligt integrerat ledningssystem \u00e4r ett verktyg som f\u00f6renklar arbetet med kvalitet, milj\u00f6 och arbetsmilj\u00f6.\u00a0<\/h2>\n<img decoding=\"async\" loading=\"lazy\" src=\"https:\/\/iso.webbreda.se\/wp-content\/uploads\/2021\/02\/dummy_bild-725x575.png\" width=\"725\" height=\"575\" title=\"dummy_bild\" alt=\"dummy_bild\" srcset=\"https:\/\/iso.webbreda.se\/wp-content\/uploads\/2021\/02\/dummy_bild-725x575.png 725w, https:\/\/iso.webbreda.se\/wp-content\/uploads\/2021\/02\/dummy_bild-300x238.png 300w, https:\/\/iso.webbreda.se\/wp-content\/uploads\/2021\/02\/dummy_bild-360x285.png 360w, https:\/\/iso.webbreda.se\/wp-content\/uploads\/2021\/02\/dummy_bild-105x83.png 105w, https:\/\/iso.webbreda.se\/wp-content\/uploads\/2021\/02\/dummy_bild-84x66.png 84w, https:\/\/iso.webbreda.se\/wp-content\/uploads\/2021\/02\/dummy_bild-114x90.png 114w, https:\/\/iso.webbreda.se\/wp-content\/uploads\/2021\/02\/dummy_bild-135x107.png 135w, https:\/\/iso.webbreda.se\/wp-content\/uploads\/2021\/02\/dummy_bild.png 397w\" sizes=\"auto, (max-width: 725px) 100vw, 725px\" \/>\n<h3>Problemst\u00e4llning<\/h3> <p>&lt;beskriv problemst\u00e4llningar utifr\u00e5n kundens perspektiv&gt;<\/p> <h3>L\u00f6sningen<\/h3> <p><em>Genom att anv\u00e4nda ett effektivt ledningssystem som ryggraden i er verksamhet f\u00e5r ni n\u00f6jdare kunder, b\u00e4ttre milj\u00f6prestanda och en s\u00e4krare arbetsmilj\u00f6. V\u00e5rt ledningssystem ger er verksamhet det st\u00f6d och den struktur som beh\u00f6vs f\u00f6r att ni ska kunna utvecklas och utnyttja er fulla potential.<\/em><\/p> <p>Vi har sedan 1993 arbetat fram och l\u00f6pande utvecklat b\u00e5de ett integrerat ledningssystem och separata ledningssystem f\u00f6r ISO 9001, 14001 och 45001. Alla v\u00e5ra ledningssystem har genomg\u00e5tt certifiering mot alla standarder samt inspektioner av Arbetsmilj\u00f6verket.<\/p> <p><strong>Tillsammans med v\u00e5ra konsulter f\u00e5r ni ett enkelt och effektivt ledningssystem som verkligen fungerar.<\/strong><\/p> <p>Med ett webbaserat ledningssystem (WLS) kommer en ny medarbetare in i sin arbetsuppgift snabbare, samtidigt som man ger alla medarbetare b\u00e4ttre f\u00f6ruts\u00e4ttningar att g\u00f6ra r\u00e4tt i varje situation. I ett WLS ing\u00e5r \u00e4ven ett kalkyleringsverktyg f\u00f6r riskhantering.<\/p> <p>N\u00e4r jag bygger ledningssystem ser jag samtidigt till att mina kunder har koll p\u00e5 och f\u00f6ljer f\u00f6reskrifterna f\u00f6r den systematiska arbetsmilj\u00f6arbetet.<\/p> <h3>\u00a0<\/h3>\n<h3>Ledningssystem<\/h3>\n\n<p>Enkelt och effektivt ledningssystem som verkligen fungerar i praktiken<\/p>\n<p>Jag hj\u00e4lper er&#8230;&#8230;&#8230;&#8230;&#8230;..\u00a0<\/p>\n<a href=\"#\" > L\u00e4s mer <\/a>\n<h3>GDPR<\/h3>\n\n<p>Den nya dataskyddsf\u00f6rordningen, GDPR, omfattar alla f\u00f6retag och organisationer.\u00a0<\/p>\n<p>Genom v\u00e5rt samarbete med\u00a0<a href=\"https:\/\/datakollen.se\/\" target=\"_blank\" rel=\"noopener noreferrer\">Datakollen.se<\/a>\u00a0hj\u00e4lper vi er att inventera personuppgiftshanteringen i f\u00f6retaget och att kontrollera att ni uppfyller lagkraven i er verksamhet.<\/p>\n<a href=\"#\" > L\u00e4s mer <\/a>\n<h3>Kvalitets\u00e4kring<\/h3>\n\n<p>Myndigheter, kommuner, kunder och massmedia st\u00e4ller allt st\u00f6rre krav p\u00e5 f\u00f6retags redovisning av kvalitet-, milj\u00f6- och arbetsmilj\u00f6arbetet.<\/p>\n<p>Jag hj\u00e4lper f\u00f6rst\u00e5 och tolka &#8230;&#8230;<\/p>\n<a href=\"#\" > L\u00e4s mer <\/a><!--\/themify_builder_static-->","protected":false},"excerpt":{"rendered":"<p>Integrerat ledningssystemEnkelt och effektivt ledningssystem som verkligen fungerar i praktiken Ett webbaserat, effektivt och anv\u00e4ndarv\u00e4nligt integrerat ledningssystem \u00e4r ett verktyg som f\u00f6renklar arbetet med kvalitet, milj\u00f6 och arbetsmilj\u00f6.\u00a0 Problemst\u00e4llning &lt;beskriv problemst\u00e4llningar utifr\u00e5n kundens perspektiv&gt; L\u00f6sningen Genom att anv\u00e4nda ett effektivt ledningssystem som ryggraden i er verksamhet f\u00e5r ni n\u00f6jdare kunder, b\u00e4ttre milj\u00f6prestanda och en s\u00e4krare [&hellip;]<\/p>\n","protected":false},"author":1,"featured_media":0,"parent":0,"menu_order":0,"comment_status":"closed","ping_status":"closed","template":"","meta":{"footnotes":""},"class_list":["post-112","page","type-page","status-publish","hentry","has-post-title","has-post-date","has-post-category","has-post-tag","has-post-comment","has-post-author",""],"builder_content":"<h1>Integrerat ledningssystem<br\/>Enkelt och effektivt ledningssystem som verkligen fungerar i praktiken<\/h1>\n<img src=\"https:\/\/iso.webbreda.se\/wp-content\/uploads\/2021\/03\/christopher-gower-vjMgqUkS8q8-unsplash-1024x683-800x533.jpg\" width=\"800\" height=\"533\" title=\"christopher-gower-vjMgqUkS8q8-unsplash\" alt=\"christopher-gower-vjMgqUkS8q8-unsplash\" srcset=\"https:\/\/iso.webbreda.se\/wp-content\/uploads\/2021\/03\/christopher-gower-vjMgqUkS8q8-unsplash-1024x683-800x533.jpg 800w, https:\/\/iso.webbreda.se\/wp-content\/uploads\/2021\/03\/christopher-gower-vjMgqUkS8q8-unsplash-300x200.jpg 300w, https:\/\/iso.webbreda.se\/wp-content\/uploads\/2021\/03\/christopher-gower-vjMgqUkS8q8-unsplash-1024x683.jpg 1024w, https:\/\/iso.webbreda.se\/wp-content\/uploads\/2021\/03\/christopher-gower-vjMgqUkS8q8-unsplash-768x512.jpg 768w, https:\/\/iso.webbreda.se\/wp-content\/uploads\/2021\/03\/christopher-gower-vjMgqUkS8q8-unsplash-1536x1024.jpg 1536w, https:\/\/iso.webbreda.se\/wp-content\/uploads\/2021\/03\/christopher-gower-vjMgqUkS8q8-unsplash-2048x1365.jpg 2048w\" sizes=\"(max-width: 800px) 100vw, 800px\" \/>\n\n<h2 style=\"text-align: left;\">Ett webbaserat, effektivt och anv\u00e4ndarv\u00e4nligt integrerat ledningssystem \u00e4r ett verktyg som f\u00f6renklar arbetet med kvalitet, milj\u00f6 och arbetsmilj\u00f6.\u00a0<\/h2>\n<img src=\"https:\/\/iso.webbreda.se\/wp-content\/uploads\/2021\/02\/dummy_bild-725x575.png\" width=\"725\" height=\"575\" title=\"dummy_bild\" alt=\"dummy_bild\" srcset=\"https:\/\/iso.webbreda.se\/wp-content\/uploads\/2021\/02\/dummy_bild-725x575.png 725w, https:\/\/iso.webbreda.se\/wp-content\/uploads\/2021\/02\/dummy_bild-300x238.png 300w, https:\/\/iso.webbreda.se\/wp-content\/uploads\/2021\/02\/dummy_bild-360x285.png 360w, https:\/\/iso.webbreda.se\/wp-content\/uploads\/2021\/02\/dummy_bild-105x83.png 105w, https:\/\/iso.webbreda.se\/wp-content\/uploads\/2021\/02\/dummy_bild-84x66.png 84w, https:\/\/iso.webbreda.se\/wp-content\/uploads\/2021\/02\/dummy_bild-114x90.png 114w, https:\/\/iso.webbreda.se\/wp-content\/uploads\/2021\/02\/dummy_bild-135x107.png 135w, https:\/\/iso.webbreda.se\/wp-content\/uploads\/2021\/02\/dummy_bild.png 397w\" sizes=\"(max-width: 725px) 100vw, 725px\" \/>\n<h3>Problemst\u00e4llning<\/h3> <p>&lt;beskriv problemst\u00e4llningar utifr\u00e5n kundens perspektiv&gt;<\/p> <h3>L\u00f6sningen<\/h3> <p><em>Genom att anv\u00e4nda ett effektivt ledningssystem som ryggraden i er verksamhet f\u00e5r ni n\u00f6jdare kunder, b\u00e4ttre milj\u00f6prestanda och en s\u00e4krare arbetsmilj\u00f6. V\u00e5rt ledningssystem ger er verksamhet det st\u00f6d och den struktur som beh\u00f6vs f\u00f6r att ni ska kunna utvecklas och utnyttja er fulla potential.<\/em><\/p> <p>Vi har sedan 1993 arbetat fram och l\u00f6pande utvecklat b\u00e5de ett integrerat ledningssystem och separata ledningssystem f\u00f6r ISO 9001, 14001 och 45001. Alla v\u00e5ra ledningssystem har genomg\u00e5tt certifiering mot alla standarder samt inspektioner av Arbetsmilj\u00f6verket.<\/p> <p><strong>Tillsammans med v\u00e5ra konsulter f\u00e5r ni ett enkelt och effektivt ledningssystem som verkligen fungerar.<\/strong><\/p> <p>Med ett webbaserat ledningssystem (WLS) kommer en ny medarbetare in i sin arbetsuppgift snabbare, samtidigt som man ger alla medarbetare b\u00e4ttre f\u00f6ruts\u00e4ttningar att g\u00f6ra r\u00e4tt i varje situation. I ett WLS ing\u00e5r \u00e4ven ett kalkyleringsverktyg f\u00f6r riskhantering.<\/p> <p>N\u00e4r jag bygger ledningssystem ser jag samtidigt till att mina kunder har koll p\u00e5 och f\u00f6ljer f\u00f6reskrifterna f\u00f6r den systematiska arbetsmilj\u00f6arbetet.<\/p> <h3>\u00a0<\/h3>\n<h3>Ledningssystem<\/h3>\n\n<p>Enkelt och effektivt ledningssystem som verkligen fungerar i praktiken<\/p>\n<p>Jag hj\u00e4lper er.................\u00a0<\/p>\n<a href=\"#\" > L\u00e4s mer <\/a>\n<h3>GDPR<\/h3>\n\n<p>Den nya dataskyddsf\u00f6rordningen, GDPR, omfattar alla f\u00f6retag och organisationer.\u00a0<\/p>\n<p>Genom v\u00e5rt samarbete med\u00a0<a href=\"https:\/\/datakollen.se\/\" target=\"_blank\" rel=\"noopener noreferrer\">Datakollen.se<\/a>\u00a0hj\u00e4lper vi er att inventera personuppgiftshanteringen i f\u00f6retaget och att kontrollera att ni uppfyller lagkraven i er verksamhet.<\/p>\n<a href=\"#\" > L\u00e4s mer <\/a>\n<h3>Kvalitets\u00e4kring<\/h3>\n\n<p>Myndigheter, kommuner, kunder och massmedia st\u00e4ller allt st\u00f6rre krav p\u00e5 f\u00f6retags redovisning av kvalitet-, milj\u00f6- och arbetsmilj\u00f6arbetet.<\/p>\n<p>Jag hj\u00e4lper f\u00f6rst\u00e5 och tolka ......<\/p>\n<a href=\"#\" > L\u00e4s mer <\/a>","_links":{"self":[{"href":"https:\/\/iso.webbreda.se\/index.php?rest_route=\/wp\/v2\/pages\/112","targetHints":{"allow":["GET"]}}],"collection":[{"href":"https:\/\/iso.webbreda.se\/index.php?rest_route=\/wp\/v2\/pages"}],"about":[{"href":"https:\/\/iso.webbreda.se\/index.php?rest_route=\/wp\/v2\/types\/page"}],"author":[{"embeddable":true,"href":"https:\/\/iso.webbreda.se\/index.php?rest_route=\/wp\/v2\/users\/1"}],"replies":[{"embeddable":true,"href":"https:\/\/iso.webbreda.se\/index.php?rest_route=%2Fwp%2Fv2%2Fcomments&post=112"}],"version-history":[{"count":8,"href":"https:\/\/iso.webbreda.se\/index.php?rest_route=\/wp\/v2\/pages\/112\/revisions"}],"predecessor-version":[{"id":144,"href":"https:\/\/iso.webbreda.se\/index.php?rest_route=\/wp\/v2\/pages\/112\/revisions\/144"}],"wp:attachment":[{"href":"https:\/\/iso.webbreda.se\/index.php?rest_route=%2Fwp%2Fv2%2Fmedia&parent=112"}],"curies":[{"name":"wp","href":"https:\/\/api.w.org\/{rel}","templated":true}]}}